{"id":22165,"date":"2025-01-30T01:22:52","date_gmt":"2025-01-30T04:22:52","guid":{"rendered":"https:\/\/invistanodigital.com\/loja\/product\/pdv-controle-de-estoque-c-financeiro-e-vendas-script-php\/"},"modified":"2025-01-30T01:22:52","modified_gmt":"2025-01-30T04:22:52","slug":"pdv-controle-de-estoque-c-financeiro-e-vendas-script-php","status":"publish","type":"product","link":"https:\/\/invistanodigital.com\/loja\/product\/pdv-controle-de-estoque-c-financeiro-e-vendas-script-php\/","title":{"rendered":"PDV CONTROLE DE ESTOQUE, C\/ FINANCEIRO E VENDAS SCRIPT PHP"},"content":{"rendered":"<h2 class=\"quick-overview\">INFORMA\u00c7\u00d5ES:<\/h2>\n<p> Sistema PDV controle de Estoque e Vendas.<\/p>\n<p><strong>ACOMPANHA TUTORIAL DE INSTALA\u00c7\u00c3O EM V\u00cdDEO<\/strong><\/p>\n<p><span style=\"color: #ff0000\">\u2013PAGAMENTO \u00daNICO \u2013&nbsp;SEM MENSALIDADE\u2013<\/span><\/p>\n<p>DESCRI\u00c7\u00c3O DO SISTEMA:<\/p>\n<p>Cadastro de:<\/p>\n<p>* Tipo de Pagamento<\/p>\n<p>* Forma de Pagamento<\/p>\n<p>* Produtos<\/p>\n<p>* Clientes<\/p>\n<p>* Compras<\/p>\n<p>* Despesas<\/p>\n<p>* Fornecedores<\/p>\n<p>* Funcion\u00e1rios<\/p>\n<p>* Gerencia Estoque e Compras<\/p>\n<p>* Cont\u00e9m Alerta para Ponto de Pedidos(Estoque M\u00ednimo)<\/p>\n<p>* Cont\u00e9m alerta para vendas em aberto<\/p>\n<p>* Cont\u00e9m op\u00e7\u00e3o para cart\u00e3o da loja com abatimento de saldo do cart\u00e3o<\/p>\n<p>Impress\u00f5es de:<\/p>\n<p>* Saldo em Estoque<\/p>\n<p>* Nota de Venda(Balc\u00e3o) personalizada e simples<\/p>\n<p>* Caixa com Contas a pagar e parametriza\u00e7\u00e3o por p\u00e9riodo<\/p>\n<p>* Relat\u00f3rios de Vendas di\u00e1rias, mensais<\/p>\n<p>* Logs de acesso<\/p>\n<p>* Relat\u00f3rio de Produtos com maior sa\u00edda<\/p>\n<p>* Ponto de Pedido<\/p>\n<p>* Etiquetas para invent\u00e1rio<\/p>\n<p>* Or\u00e7amento<\/p>\n<p>Plus:<\/p>\n<p>* Autentica\u00e7\u00e3o de usu\u00e1rios<\/p>\n<p>* Perfil Personalizado<\/p>\n<p>* Template administrativo e gerenci\u00e1vel totalmente customiz\u00e1vel<\/p>\n<p>Dados T\u00e9cnicos:<\/p>\n<p>* Banco Mysql<\/p>\n<p>* PHP com Bootstrap AdminLte e Codeigniter.<\/p>\n<p>Obs: Valor promocional por tempo limitado, pode ser alterado a qualquer momento!<\/p>\n","protected":false},"excerpt":{"rendered":"<p>INFORMA\u00c7\u00d5ES: Sistema PDV controle de Estoque e Vendas. ACOMPANHA TUTORIAL DE INSTALA\u00c7\u00c3O EM V\u00cdDEO \u2013PAGAMENTO \u00daNICO \u2013&nbsp;SEM MENSALIDADE\u2013 DESCRI\u00c7\u00c3O DO SISTEMA: Cadastro de: * Tipo de Pagamento * Forma de Pagamento * Produtos * Clientes * Compras * Despesas * Fornecedores * Funcion\u00e1rios * Gerencia Estoque e Compras * Cont\u00e9m Alerta para Ponto de Pedidos(Estoque [&hellip;]<\/p>\n","protected":false},"featured_media":22157,"comment_status":"open","ping_status":"closed","template":"","meta":[],"product_cat":[15],"product_tag":[],"class_list":["post-22165","product","type-product","status-publish","has-post-thumbnail","hentry","product_cat-uncategorized","add-to-wishlist-after_add_to_cart"],"_links":{"self":[{"href":"https:\/\/invistanodigital.com\/loja\/wp-json\/wp\/v2\/product\/22165","targetHints":{"allow":["GET"]}}],"collection":[{"href":"https:\/\/invistanodigital.com\/loja\/wp-json\/wp\/v2\/product"}],"about":[{"href":"https:\/\/invistanodigital.com\/loja\/wp-json\/wp\/v2\/types\/product"}],"replies":[{"embeddable":true,"href":"https:\/\/invistanodigital.com\/loja\/wp-json\/wp\/v2\/comments?post=22165"}],"wp:featuredmedia":[{"embeddable":true,"href":"https:\/\/invistanodigital.com\/loja\/wp-json\/wp\/v2\/media\/22157"}],"wp:attachment":[{"href":"https:\/\/invistanodigital.com\/loja\/wp-json\/wp\/v2\/media?parent=22165"}],"wp:term":[{"taxonomy":"product_cat","embeddable":true,"href":"https:\/\/invistanodigital.com\/loja\/wp-json\/wp\/v2\/product_cat?post=22165"},{"taxonomy":"product_tag","embeddable":true,"href":"https:\/\/invistanodigital.com\/loja\/wp-json\/wp\/v2\/product_tag?post=22165"}],"curies":[{"name":"wp","href":"https:\/\/api.w.org\/{rel}","templated":true}]}}