{"id":22180,"date":"2025-01-30T01:42:22","date_gmt":"2025-01-30T04:42:22","guid":{"rendered":"https:\/\/invistanodigital.com\/loja\/product\/backup-e-migracao-wordpress\/"},"modified":"2025-01-30T01:42:22","modified_gmt":"2025-01-30T04:42:22","slug":"backup-e-migracao-wordpress","status":"publish","type":"product","link":"https:\/\/invistanodigital.com\/loja\/product\/backup-e-migracao-wordpress\/","title":{"rendered":"BACKUP E MIGRA\u00c7\u00c3O WORDPRESS"},"content":{"rendered":"<h2 class=\"quick-overview\">INFORMA\u00c7\u00d5ES:<\/h2>\n<p>Fazemos o backup completo do seu wordpress e migramos para o mesmo servidor ou outro de sua prefer\u00eancia.<br \/> Ap\u00f3s a compra deste servi\u00e7o enviar para nosso e-mail todos os dados necess\u00e1rios para darmos in\u00edcio ao processo.<\/p>\n","protected":false},"excerpt":{"rendered":"<p>INFORMA\u00c7\u00d5ES: Fazemos o backup completo do seu wordpress e migramos para o mesmo servidor ou outro de sua prefer\u00eancia. Ap\u00f3s a compra deste servi\u00e7o enviar para nosso e-mail todos os dados necess\u00e1rios para darmos in\u00edcio ao processo.<\/p>\n","protected":false},"featured_media":22178,"comment_status":"open","ping_status":"closed","template":"","meta":[],"product_cat":[15],"product_tag":[],"class_list":["post-22180","product","type-product","status-publish","has-post-thumbnail","hentry","product_cat-uncategorized","add-to-wishlist-after_add_to_cart"],"_links":{"self":[{"href":"https:\/\/invistanodigital.com\/loja\/wp-json\/wp\/v2\/product\/22180","targetHints":{"allow":["GET"]}}],"collection":[{"href":"https:\/\/invistanodigital.com\/loja\/wp-json\/wp\/v2\/product"}],"about":[{"href":"https:\/\/invistanodigital.com\/loja\/wp-json\/wp\/v2\/types\/product"}],"replies":[{"embeddable":true,"href":"https:\/\/invistanodigital.com\/loja\/wp-json\/wp\/v2\/comments?post=22180"}],"wp:featuredmedia":[{"embeddable":true,"href":"https:\/\/invistanodigital.com\/loja\/wp-json\/wp\/v2\/media\/22178"}],"wp:attachment":[{"href":"https:\/\/invistanodigital.com\/loja\/wp-json\/wp\/v2\/media?parent=22180"}],"wp:term":[{"taxonomy":"product_cat","embeddable":true,"href":"https:\/\/invistanodigital.com\/loja\/wp-json\/wp\/v2\/product_cat?post=22180"},{"taxonomy":"product_tag","embeddable":true,"href":"https:\/\/invistanodigital.com\/loja\/wp-json\/wp\/v2\/product_tag?post=22180"}],"curies":[{"name":"wp","href":"https:\/\/api.w.org\/{rel}","templated":true}]}}