{"id":22194,"date":"2025-01-30T17:56:40","date_gmt":"2025-01-30T20:56:40","guid":{"rendered":"https:\/\/invistanodigital.com\/loja\/product\/sistema-para-oficina-mecanica-completo-script-php\/"},"modified":"2025-01-30T17:56:40","modified_gmt":"2025-01-30T20:56:40","slug":"sistema-para-oficina-mecanica-completo-script-php","status":"publish","type":"product","link":"https:\/\/invistanodigital.com\/loja\/product\/sistema-para-oficina-mecanica-completo-script-php\/","title":{"rendered":"SISTEMA PARA OFICINA MEC\u00c2NICA COMPLETO \u2013 SCRIPT PHP"},"content":{"rendered":"<h2 class=\"quick-overview\">INFORMA\u00c7\u00d5ES:<\/h2>\n<p><strong>Informa\u00e7\u00f5es&nbsp;do Sistema:<\/strong><\/p>\n<p>\u00c9 um sistema PHP + MYsql para apoiar\/ajudar na gest\u00e3o da oficina mec\u00e2nica.<\/p>\n<p>DIA-A-DIA:<\/p>\n<p>1) Clientes<br \/> \u2013 \u00c9 a primeira coisa a fazer toda vez que algu\u00e9m ir a oficina para pedir um or\u00e7amento ou deixar o ve\u00edculo para an\u00e1lise\/or\u00e7amento.<br \/> \u2013 Tem de cadastrar o cliente primeiro.<br \/> \u2013 Apenas o CPF\/CNPJ e o NOME\/RAZ\u00c3O SOCIAL s\u00e3o campos obrigat\u00f3rios. Os demais s\u00e3o opcionais.<br \/> \u2013 Todo cliente que voc\u00ea cadastrar nessa funcionalidade ficar\u00e3o dispon\u00edveis na funcionalidade &#8216;Ordem de Servi\u00e7os&#8217;.<br \/> \u2013 \u00c9 comum, pela facilidade de encontrar e de digitar, que o c\u00f3digo do cliente seja um n\u00famero. No caso o CNPJ ou CPF.<br \/> \u2013 Digite o CEP e o sistema (se vc estiver conectada na internet) buscar\u00e1 os dados do endere\u00e7o automaticamente do site dos correios.<\/p>\n<p>2) Ordem de Servi\u00e7os<br \/> \u2013 \u00c9 a segunda coisa a fazer toda vez que algu\u00e9m ir a oficina para pedir um or\u00e7amento ou deixar o ve\u00edculo para an\u00e1lise\/or\u00e7amento.<br \/> \u2013 Voc\u00ea pode alterar o tipo da OS:<br \/> i) Or\u00e7amento \u2013 apenas para preencher e entregar ao cliente avaliar. Caso ele queira fazer o conserto, basta alterar o tipo para &#8216;pendente&#8217;.<br \/> ii) Pendente \u2013 Cliente quer o servi\u00e7o e a oficina aguarda chegar a vez de atender a OS dele conforme disponibilidade da oficina:<br \/> a) esta esperando chegar as pe\u00e7as<br \/> b) est\u00e1 avaliando melhor o que deve ser feito<br \/> c) etc\u2026<br \/> iii) Em andamento \u2013 O servi\u00e7o est\u00e1 em execu\u00e7\u00e3o<br \/> iv) Conclu\u00eddo \u2013 O servi\u00e7o foi efeito e aguarda o cliente vir buscar o carro e , claro, efetuar o pagamento.<br \/> v) Entregue \u2013 O cliente pagou e o carro foi entregue ao cliente.<br \/> Recomenda-se imprimir a OS em duas vias e pedir para o cliente assinar uma delas a qual ficar\u00e1 com voc\u00eas da oficina.<br \/> \u2013 No cadastro da OS voc\u00ea informa dos dados do carro e quais as pe\u00e7as e servi\u00e7os que usar\u00e3o para fazer o conserto que o sistema calcula automaticamente.<br \/> \u2013 No cadastro da OS voc\u00ea pode alterar a quantidade e o pre\u00e7o que o sistema calculou automaticamente.<\/p>\n<p>3) Contas a Pagar\/Receber<br \/> \u2013 \u00c9 para voc\u00ea consultar quais as contas a pagar e receber a oficina tem.<br \/> \u2013 Voc\u00ea pode ver valor, data de vencimento, data de pagamento, se est\u00e1 em dia, em atraso, de quem que \u00e9 (pedido ou os).<br \/> \u2013 Voc\u00ea pode incluir\/excluir\/alterar contas a pagar.<br \/> \u2013 Voc\u00ea pode incluir\/incluir\/alterar contas a receber.<br \/> \u2013 Quando voc\u00ea cria um pedido, automaticamente, \u00e9 gerada a respectiva conta a pagar desse pedido. Se voc\u00ea parcelou, o sistema tamb\u00e9m calcula o valor e data de todas as parcelas considerando sempre o intervalo de 30 em 30 dias.<br \/> \u2013 Quando voc\u00ea cria uma OS, automaticamente, \u00e9 gerada a respectiva conta a receber dessa OS. Se o cliente parcelou, o sistema tamb\u00e9m calcula o valor e data de todas as parcelas considerando sempre o intervalo de 30 em 30 dias.<\/p>\n<p>4) Fluxo de Caixa<br \/> \u2013 Voc\u00ea pode ver um resumo de contas a pagar\/receber em cada m\u00eas do ano corrente.<br \/> \u2013 Voc\u00ea pode ver quantos carros est\u00e3o na oficina em conserto, esperando o cliente buscar e o que foi entregue.<br \/> \u2013 Voc\u00ea pode ver o que tem para receber por forma de pagamento: d\u00e9bito, cr\u00e9dito, dinheiro ou cheque.<\/p>\n<p>5) Agenda<br \/> \u2013 Voc\u00ea pode consultar as OS pendentes por ordem de cadastro. Ou seja, a ideia \u00e9 que o cliente que chegar primeiro ser\u00e1 o primeiro a ser atendido.<\/p>\n<p>6) Hist\u00f3rico<br \/> \u2013 Voc\u00ea pode consultar o que cada usu\u00e1rio fez, o dia e a hora no sistema. \u00c9 mais para tirar duvida\/fazer uma auditoria.<\/p>\n<p>7) Fornecedores<br \/> \u2013 Voc\u00ea precisa cadastrar os fornecedores com os quais voc\u00ea vai trabalhar\/fazer compras.<br \/> \u2013 Apenas o CPF\/CNPJ e o NOME\/RAZ\u00c3O SOCIAL s\u00e3o campos obrigat\u00f3rios. Os demais s\u00e3o opcionais.<br \/> \u2013 Todo fornecedor que voc\u00ea cadastrar nessa funcionalidade ficar\u00e3o dispon\u00edveis na funcionalidade &#8216;Pedidos&#8217;.<br \/> \u2013 \u00c9 comum, pela facilidade de encontrar e de digitar, que o c\u00f3digo do fornecedor seja um n\u00famero. No caso o CNPJ ou CPF.<br \/> \u2013 Digite o CEP e o sistema (se vc estiver conectada na internet) buscar\u00e1 os dados do endere\u00e7o automaticamente do site dos correios.<\/p>\n<p>8) Pedidos<br \/> \u2013 Voc\u00ea pode incluir, excluir, alterar ou consultar um pedido de compra de pe\u00e7as ou produtos de seus fornecedores.<br \/> \u2013 Cada pedido inclu\u00eddo \u00e9 gerada a respectiva conta a pagar.<\/p>\n<p>FORA DO HOR\u00c1RIO COMERCIAL:<br \/> As informa\u00e7\u00f5es abaixo geralmente s\u00e3o cadastradas fora do hor\u00e1rio comercial ou antes do primeiro uso do sistema.<\/p>\n<p>1) Usu\u00e1rios<br \/> \u2013 Voc\u00ea pode incluir, excluir, ativar, desativar, consultar os usu\u00e1rios que acessar\u00e3o o sistema.<br \/> \u2013 O usu\u00e1rio pode ser um \u201cadministrador\u201d que pode ver e fazer tudo. Ex: voc\u00ea e o G\u00e1bio. Ou um \u201cfuncion\u00e1rio\u201d que pode fazer apenas algumas coisas. Ex: Cadastrar cliente e OS.<br \/> \u2013 Quando voc\u00ea cria um usu\u00e1rio o sistema atribui como primeira senha as tr\u00eas primeiras letras do nome. Depois o usu\u00e1rio acessa e altera.<\/p>\n<p>2) Par\u00e2metros<br \/> \u2013 Voc\u00ea pode incluir os dados cadastrais (cnpj, nome, endere\u00e7o, etc) da oficina para evitar de ter de digitar a cada OS.<\/p>\n<p>3) Pe\u00e7as<br \/> \u2013 O sistema entende que a oficina vai prestar servi\u00e7os e instalar pe\u00e7as. Por isso ele requer que sejam cadastradas previamente todas ( ou a maioria) das pe\u00e7as que s\u00e3o geralmente utilizadas na oficina de modo a evitar que a cada conserto voc\u00ea cadastre novamente a mesma pe\u00e7a. Ex:<br \/> 1 \u2013 Amortecedor<br \/> 2 \u2013 Virabrequim<br \/> 3 \u2013 Filtro de ar<br \/> 4 \u2013 Ma\u00e7aneta<br \/> etc\u2026<br \/> \u2013 \u00c9 comum utilizar um c\u00f3digo num\u00e9rico para designar a pe\u00e7a e facilitar a consulta e dar agilidade na digita\u00e7\u00e3o da OS. Mas pode ser uma palavra, sem problemas! Ex:<br \/> Amortecedor \u2013 Amortecedor dianteiro<br \/> Filtro \u2013 Filtro de Ar<br \/> etc\u2026<br \/> \u2013 Voc\u00ea deve \u2013 para facilitar o c\u00e1lculo autom\u00e1tico na OS e no PEDIDO \u2013 incluir aqui o pre\u00e7o da pe\u00e7a.<br \/> \u2013 Voc\u00ea pode \u2013 para uso futuro de controle de estoque \u2013 incluir a quantidade existente da pe\u00e7a nos estoques da oficina.<\/p>\n<p>4) Servi\u00e7os<br \/> \u2013 O sistema entende que a oficina vai prestar servi\u00e7os e instalar pe\u00e7as. Por isso ele requer que sejam cadastradas previamente todos ( ou a maioria) os servi\u00e7os que s\u00e3o geralmente prestados na oficina de modo a evitar que a cada conserto voc\u00ea cadastre novamente o mesmo servi\u00e7o. Ex:<br \/> 1 \u2013 M\u00e3o de obra<br \/> 2 \u2013 M\u00e3o de obra para alinhamento<br \/> 3 \u2013 M\u00e3o de obra para troca de amortecedor<br \/> 4 \u2013 M\u00e3o de obra para troca do \u00f3leo do motor<br \/> etc\u2026<\/p>\n<p>\u2013 \u00c9 comum utilizar um c\u00f3digo num\u00e9rico para designar o servi\u00e7o e facilitar a consulta e dar agilidade na digita\u00e7\u00e3o da OS. Mas pode ser uma palavra, sem problemas! Ex:<br \/> M\u00e3o de Obra \u2013 M\u00e3o de Obra<br \/> Alinhamento \u2013 M\u00e3o de obra para servi\u00e7o de alinhamento<br \/> etc\u2026<\/p>\n<p>\u2013 Voc\u00ea deve \u2013 para facilitar o c\u00e1lculo autom\u00e1tico na OS \u2013 incluir aqui o pre\u00e7o do servi\u00e7o.<br \/> \u2013 Voc\u00ea pode \u2013 para uso futuro de controle de estoque \u2013 incluir a quantidade existente da pe\u00e7a nos estoques da oficina.<br \/> Trata-se de fontes de um sistema que eu mesmo desenvolvi em linguagem de programa\u00e7\u00e3o PHP+HTML+BOOTSTRAP que cont\u00e9m uma parte exclusiva que \u00e9 o sistema Web em si para apoiar na gest\u00e3o<\/p>\n<p>\u00c9 um sistema WEB e pode ser instalado em seu provedor de hospedagem com servidor para rodar PHP e servidor de banco de dados MYSQL para acesso via internet de qualquer lugar.<\/p>\n","protected":false},"excerpt":{"rendered":"<p>INFORMA\u00c7\u00d5ES: Informa\u00e7\u00f5es&nbsp;do Sistema: \u00c9 um sistema PHP + MYsql para apoiar\/ajudar na gest\u00e3o da oficina mec\u00e2nica. DIA-A-DIA: 1) Clientes \u2013 \u00c9 a primeira coisa a fazer toda vez que algu\u00e9m ir a oficina para pedir um or\u00e7amento ou deixar o ve\u00edculo para an\u00e1lise\/or\u00e7amento. \u2013 Tem de cadastrar o cliente primeiro. \u2013 Apenas o CPF\/CNPJ e [&hellip;]<\/p>\n","protected":false},"featured_media":22188,"comment_status":"open","ping_status":"closed","template":"","meta":[],"product_cat":[15],"product_tag":[],"class_list":["post-22194","product","type-product","status-publish","has-post-thumbnail","hentry","product_cat-uncategorized","add-to-wishlist-after_add_to_cart"],"_links":{"self":[{"href":"https:\/\/invistanodigital.com\/loja\/wp-json\/wp\/v2\/product\/22194","targetHints":{"allow":["GET"]}}],"collection":[{"href":"https:\/\/invistanodigital.com\/loja\/wp-json\/wp\/v2\/product"}],"about":[{"href":"https:\/\/invistanodigital.com\/loja\/wp-json\/wp\/v2\/types\/product"}],"replies":[{"embeddable":true,"href":"https:\/\/invistanodigital.com\/loja\/wp-json\/wp\/v2\/comments?post=22194"}],"wp:featuredmedia":[{"embeddable":true,"href":"https:\/\/invistanodigital.com\/loja\/wp-json\/wp\/v2\/media\/22188"}],"wp:attachment":[{"href":"https:\/\/invistanodigital.com\/loja\/wp-json\/wp\/v2\/media?parent=22194"}],"wp:term":[{"taxonomy":"product_cat","embeddable":true,"href":"https:\/\/invistanodigital.com\/loja\/wp-json\/wp\/v2\/product_cat?post=22194"},{"taxonomy":"product_tag","embeddable":true,"href":"https:\/\/invistanodigital.com\/loja\/wp-json\/wp\/v2\/product_tag?post=22194"}],"curies":[{"name":"wp","href":"https:\/\/api.w.org\/{rel}","templated":true}]}}