{"id":22203,"date":"2025-01-30T17:57:10","date_gmt":"2025-01-30T20:57:10","guid":{"rendered":"https:\/\/invistanodigital.com\/loja\/product\/sistema-para-hoteis-e-pousadas-completo-script-php\/"},"modified":"2025-01-30T17:57:10","modified_gmt":"2025-01-30T20:57:10","slug":"sistema-para-hoteis-e-pousadas-completo-script-php","status":"publish","type":"product","link":"https:\/\/invistanodigital.com\/loja\/product\/sistema-para-hoteis-e-pousadas-completo-script-php\/","title":{"rendered":"SISTEMA PARA HOT\u00c9IS E POUSADAS COMPLETO \u2013 SCRIPT PHP"},"content":{"rendered":"<h2 class=\"quick-overview\">INFORMA\u00c7\u00d5ES:<\/h2>\n<p> Sistema para hot\u00e9is e Pousadas<\/p>\n<p><strong>ACOMPANHA MANUAL DE INSTALA\u00c7\u00c3O<\/strong><\/p>\n<p><span style=\"color: #ff0000\">\u2013PAGAMENTO \u00daNICO \u2013&nbsp;SEM MENSALIDADE\u2013<\/span><\/p>\n<p>DESCRI\u00c7\u00c3O DO SISTEMA:<\/p>\n<p>\u2013 Sistemas devolvido por mim em PHP+MYSQL<br \/> -Fonte PHP + MYSQL de um sistema para lhe apoiar e ajudar a gerenciar um hotel ou pousada.<br \/> \u2013 cadastrar clientes<br \/> \u2013 cadastrar quartos\/acomoda\u00e7\u00f5es<br \/> \u2013 gerenciar as reservas e lota\u00e7\u00e3o<br \/> \u2013 gerenciar o fluxo do caixa<br \/> \u2013 visualizar quartos ocupados\/vagos\/pendentes de pagamentos\/reservados<br \/> \u2013 visualizar receitas<br \/> -Etc..<br \/> \u2013 Receba o fontes em PHP+MYSQL por e-mail imediatamente ap\u00f3s confirma\u00e7\u00e3o do pagamento<\/p>\n<p><span style=\"color: #993300\"><strong>CONFIRA TAMB\u00c9M O SISTEMA DE HOTEL COM MOTOR DE RESERVAS E PAGAMENTO ONLINE:<\/strong><\/span><\/p>\n<p>(Clique na imagem)<\/p>\n<p><a class=\"https:\/\/scriptcerto.com.br\/produto\/plataforma-sistema-para-hotel-com-reservas-e-pagamento-online-script-hotel\/\" href=\"https:\/\/scriptcerto.com.br\/produto\/plataforma-sistema-para-hotel-com-reservas-e-pagamento-online-script-hotel\/\" rel=\"https:\/\/scriptcerto.com.br\/produto\/plataforma-sistema-para-hotel-com-reservas-e-pagamento-online-script-hotel\/\"><img fetchpriority=\"high\" decoding=\"async\" class=\"alignnone wp-image-12559 size-full\" src=\"https:\/\/scriptcerto.com.br\/wp-content\/uploads\/2017\/08\/Screenshot_23.png\" width=\"1895\" height=\"880\"><\/a><\/p>\n","protected":false},"excerpt":{"rendered":"<p>INFORMA\u00c7\u00d5ES: Sistema para hot\u00e9is e Pousadas ACOMPANHA MANUAL DE INSTALA\u00c7\u00c3O \u2013PAGAMENTO \u00daNICO \u2013&nbsp;SEM MENSALIDADE\u2013 DESCRI\u00c7\u00c3O DO SISTEMA: \u2013 Sistemas devolvido por mim em PHP+MYSQL -Fonte PHP + MYSQL de um sistema para lhe apoiar e ajudar a gerenciar um hotel ou pousada. \u2013 cadastrar clientes \u2013 cadastrar quartos\/acomoda\u00e7\u00f5es \u2013 gerenciar as reservas e lota\u00e7\u00e3o \u2013 [&hellip;]<\/p>\n","protected":false},"featured_media":22195,"comment_status":"open","ping_status":"closed","template":"","meta":[],"product_cat":[15],"product_tag":[],"class_list":["post-22203","product","type-product","status-publish","has-post-thumbnail","hentry","product_cat-uncategorized","add-to-wishlist-after_add_to_cart"],"_links":{"self":[{"href":"https:\/\/invistanodigital.com\/loja\/wp-json\/wp\/v2\/product\/22203","targetHints":{"allow":["GET"]}}],"collection":[{"href":"https:\/\/invistanodigital.com\/loja\/wp-json\/wp\/v2\/product"}],"about":[{"href":"https:\/\/invistanodigital.com\/loja\/wp-json\/wp\/v2\/types\/product"}],"replies":[{"embeddable":true,"href":"https:\/\/invistanodigital.com\/loja\/wp-json\/wp\/v2\/comments?post=22203"}],"wp:featuredmedia":[{"embeddable":true,"href":"https:\/\/invistanodigital.com\/loja\/wp-json\/wp\/v2\/media\/22195"}],"wp:attachment":[{"href":"https:\/\/invistanodigital.com\/loja\/wp-json\/wp\/v2\/media?parent=22203"}],"wp:term":[{"taxonomy":"product_cat","embeddable":true,"href":"https:\/\/invistanodigital.com\/loja\/wp-json\/wp\/v2\/product_cat?post=22203"},{"taxonomy":"product_tag","embeddable":true,"href":"https:\/\/invistanodigital.com\/loja\/wp-json\/wp\/v2\/product_tag?post=22203"}],"curies":[{"name":"wp","href":"https:\/\/api.w.org\/{rel}","templated":true}]}}