{"id":22217,"date":"2025-01-30T18:31:28","date_gmt":"2025-01-30T21:31:28","guid":{"rendered":"https:\/\/invistanodigital.com\/loja\/?post_type=product&#038;p=22217"},"modified":"2025-01-31T03:23:07","modified_gmt":"2025-01-31T06:23:07","slug":"elementor-pro-vitalicio","status":"publish","type":"product","link":"https:\/\/invistanodigital.com\/loja\/product\/elementor-pro-vitalicio\/","title":{"rendered":"Elementor Pro &#8211; Vital\u00edcio"},"content":{"rendered":"<div class=\"elementor-element elementor-element-c6b5d92 elementor-widget elementor-widget-heading\" data-id=\"c6b5d92\" data-element_type=\"widget\" data-widget_type=\"heading.default\">\n<div class=\"elementor-widget-container\">\n<h2 class=\"elementor-heading-title elementor-size-default\">Elementor Pro<\/h2>\n<\/div>\n<\/div>\n<div class=\"elementor-element elementor-element-79187b0 color-scheme-inherit text-left elementor-widget elementor-widget-text-editor\" data-id=\"79187b0\" data-element_type=\"widget\" data-widget_type=\"text-editor.default\">\n<div class=\"elementor-widget-container\">\n<div class=\"flex max-w-full flex-col flex-grow\">\n<div class=\"min-h-8 text-message flex w-full flex-col items-end gap-2 whitespace-normal break-words text-start [.text-message+&amp;]:mt-5\" dir=\"auto\" data-message-author-role=\"assistant\" data-message-id=\"834b3f02-ddcd-4cdc-9347-062388196bb7\" data-message-model-slug=\"gpt-4o-mini\">\n<div class=\"flex w-full flex-col gap-1 empty:hidden first:pt-[3px]\">\n<div class=\"markdown prose w-full break-words dark:prose-invert light\">\n<div class=\"flex max-w-full flex-col flex-grow\">\n<div class=\"min-h-8 text-message flex w-full flex-col items-end gap-2 whitespace-normal break-words text-start [.text-message+&amp;]:mt-5\" dir=\"auto\" data-message-author-role=\"assistant\" data-message-id=\"8d8ca577-2613-4edf-9c34-f80a535ed82e\" data-message-model-slug=\"gpt-4o\">\n<div class=\"flex w-full flex-col gap-1 empty:hidden first:pt-[3px]\">\n<div class=\"markdown prose w-full break-words dark:prose-invert light\">\n<div class=\"flex max-w-full flex-col flex-grow\">\n<div class=\"min-h-8 text-message flex w-full flex-col items-end gap-2 whitespace-normal break-words text-start [.text-message+&amp;]:mt-5\" dir=\"auto\" data-message-author-role=\"assistant\" data-message-id=\"5f9c2075-64e4-4d2c-8c54-47456fa50ec4\" data-message-model-slug=\"gpt-4o\">\n<div class=\"flex w-full flex-col gap-1 empty:hidden first:pt-[3px]\">\n<div class=\"markdown prose w-full break-words dark:prose-invert light\">\n<div class=\"ekit-heading__description\">\n<p>O\u00a0<strong>Elementor Pro<\/strong>\u00a0\u00e9 o criador de sites visual para WordPress, oferecendo recursos avan\u00e7ados como construtor de formul\u00e1rios, widgets premium e design totalmente personaliz\u00e1vel. Ideal para criar sites profissionais sem codifica\u00e7\u00e3o, com design responsivo e foco em SEO, garantindo um \u00f3timo desempenho.<\/p>\n<p>Com o\u00a0<strong>Elementor Pro<\/strong>, voc\u00ea pode criar sites din\u00e2micos e otimizados, adapt\u00e1veis a qualquer dispositivo. A integra\u00e7\u00e3o com outras ferramentas tamb\u00e9m assegura um \u00f3timo desempenho nos motores de busca, ajudando no ranqueamento do seu site.<\/p>\n<\/div>\n<\/div>\n<\/div>\n<\/div>\n<\/div>\n<\/div>\n<\/div>\n<\/div>\n<\/div>\n<\/div>\n<\/div>\n<\/div>\n<\/div>\n<\/div>\n<\/div>\n","protected":false},"excerpt":{"rendered":"<p>Elementor Pro O\u00a0Elementor Pro\u00a0\u00e9 o criador de sites visual para WordPress, oferecendo recursos avan\u00e7ados como construtor de formul\u00e1rios, widgets premium e design totalmente personaliz\u00e1vel. Ideal para criar sites profissionais sem codifica\u00e7\u00e3o, com design responsivo e foco em SEO, garantindo um \u00f3timo desempenho. Com o\u00a0Elementor Pro, voc\u00ea pode criar sites din\u00e2micos e otimizados, adapt\u00e1veis a qualquer [&hellip;]<\/p>\n","protected":false},"featured_media":22219,"comment_status":"open","ping_status":"closed","template":"","meta":[],"product_cat":[54],"product_tag":[],"class_list":["post-22217","product","type-product","status-publish","has-post-thumbnail","hentry","product_cat-plugins","add-to-wishlist-after_add_to_cart"],"_links":{"self":[{"href":"https:\/\/invistanodigital.com\/loja\/wp-json\/wp\/v2\/product\/22217","targetHints":{"allow":["GET"]}}],"collection":[{"href":"https:\/\/invistanodigital.com\/loja\/wp-json\/wp\/v2\/product"}],"about":[{"href":"https:\/\/invistanodigital.com\/loja\/wp-json\/wp\/v2\/types\/product"}],"replies":[{"embeddable":true,"href":"https:\/\/invistanodigital.com\/loja\/wp-json\/wp\/v2\/comments?post=22217"}],"wp:featuredmedia":[{"embeddable":true,"href":"https:\/\/invistanodigital.com\/loja\/wp-json\/wp\/v2\/media\/22219"}],"wp:attachment":[{"href":"https:\/\/invistanodigital.com\/loja\/wp-json\/wp\/v2\/media?parent=22217"}],"wp:term":[{"taxonomy":"product_cat","embeddable":true,"href":"https:\/\/invistanodigital.com\/loja\/wp-json\/wp\/v2\/product_cat?post=22217"},{"taxonomy":"product_tag","embeddable":true,"href":"https:\/\/invistanodigital.com\/loja\/wp-json\/wp\/v2\/product_tag?post=22217"}],"curies":[{"name":"wp","href":"https:\/\/api.w.org\/{rel}","templated":true}]}}