{"id":22273,"date":"2025-01-31T13:02:30","date_gmt":"2025-01-31T16:02:30","guid":{"rendered":"https:\/\/invistanodigital.com\/loja\/product\/site-de-rifas-online-completo\/"},"modified":"2025-01-31T13:43:24","modified_gmt":"2025-01-31T16:43:24","slug":"site-de-rifas-online-completo","status":"publish","type":"product","link":"https:\/\/invistanodigital.com\/loja\/product\/site-de-rifas-online-completo\/","title":{"rendered":"Site de Rifas Online Completo"},"content":{"rendered":"<p>Na Tem de Tudo Programas, encontre solu\u00e7\u00f5es prontas e c\u00f3digos-fonte para diversos sistemas e softwares. Oferecemos desde scripts PHP para gerenciamento de cl\u00ednicas at\u00e9 sistemas completos em Delphi para restaurantes e lojas. Agilidade, pre\u00e7os acess\u00edveis e suporte por e-mail. Confira!<\/p>\n","protected":false},"excerpt":{"rendered":"<p>Na Tem de Tudo Programas, encontre solu\u00e7\u00f5es prontas e c\u00f3digos-fonte para diversos sistemas e softwares. Oferecemos desde scripts PHP para gerenciamento de cl\u00ednicas at\u00e9 sistemas completos em Delphi para restaurantes e lojas. Agilidade, pre\u00e7os acess\u00edveis e suporte por e-mail. Confira!<\/p>\n","protected":false},"featured_media":22277,"comment_status":"open","ping_status":"closed","template":"","meta":[],"product_cat":[15],"product_tag":[],"class_list":["post-22273","product","type-product","status-publish","has-post-thumbnail","hentry","product_cat-uncategorized","add-to-wishlist-after_add_to_cart"],"_links":{"self":[{"href":"https:\/\/invistanodigital.com\/loja\/wp-json\/wp\/v2\/product\/22273","targetHints":{"allow":["GET"]}}],"collection":[{"href":"https:\/\/invistanodigital.com\/loja\/wp-json\/wp\/v2\/product"}],"about":[{"href":"https:\/\/invistanodigital.com\/loja\/wp-json\/wp\/v2\/types\/product"}],"replies":[{"embeddable":true,"href":"https:\/\/invistanodigital.com\/loja\/wp-json\/wp\/v2\/comments?post=22273"}],"wp:featuredmedia":[{"embeddable":true,"href":"https:\/\/invistanodigital.com\/loja\/wp-json\/wp\/v2\/media\/22277"}],"wp:attachment":[{"href":"https:\/\/invistanodigital.com\/loja\/wp-json\/wp\/v2\/media?parent=22273"}],"wp:term":[{"taxonomy":"product_cat","embeddable":true,"href":"https:\/\/invistanodigital.com\/loja\/wp-json\/wp\/v2\/product_cat?post=22273"},{"taxonomy":"product_tag","embeddable":true,"href":"https:\/\/invistanodigital.com\/loja\/wp-json\/wp\/v2\/product_tag?post=22273"}],"curies":[{"name":"wp","href":"https:\/\/api.w.org\/{rel}","templated":true}]}}